{"id":102,"date":"2012-10-03T21:36:05","date_gmt":"2012-10-03T19:36:05","guid":{"rendered":"https:\/\/www.aicprogetti.it\/home-2\/"},"modified":"2019-07-18T12:34:46","modified_gmt":"2019-07-18T10:34:46","slug":"home","status":"publish","type":"page","link":"https:\/\/www.aicprogetti.it\/fr\/","title":{"rendered":"Home"},"content":{"rendered":"<div class=\"wpb-content-wrapper\"><p>[vc_row bg_style=\u00a0\u00bbdark-wrapper\u00a0\u00bb center_row=\u00a0\u00bbyes\u00a0\u00bb css=\u00a0\u00bb.vc_custom_1552668737285{margin-top: -183px !important;padding-top: 0px !important;padding-bottom: 0px !important;}\u00a0\u00bb el_class=\u00a0\u00bbvc-row-default\u00a0\u00bb][vc_column width=\u00a0\u00bb1\/4&Prime;]<style type=\"text\/css\" scoped>#feature-box-1 .grid-item .grid-box-inner .grid-icon { color:#ffffff; }\n<\/style><div class=\"zozo-feature-box feature-box-style dark-transparent-box style-overlay-box style-sep-yes \" id=\"feature-box-1\"><div class=\"grid-item\"><div class=\"grid-box-inner grid-text-center grid-box-large grid-box-icon-none grid-shape-none\"><a href=\"https:\/\/www.aicprogetti.it\/fr\/travaux\/categoria-trasporti\/\" class=\"overlay-box-link\" title=\"Transports\" target=\"_self\"><\/a><div class=\"grid-overlay-top\"><div class=\"grid-overlay-info\"><div class=\"grid-icon-wrapper no-hover shape-icon-none\"><i class=\"flaticon flaticon-construction12 grid-icon zozo-icon icon-none icon-skin-light icon-bg pattern-1 icon-large\"><\/i><\/div><h5 class=\"grid-title-below grid-title \" style=\"color:#ffffff;\">TRANSPORTS<\/h5><\/div><\/div><div class=\"grid-overlay-bottom\"><div class=\"grid-overlay-info\"><div class=\"grid-icon-wrapper no-hover shape-icon-none\"><i class=\"flaticon flaticon-construction12 grid-icon zozo-icon icon-none icon-skin-light icon-bg pattern-1 icon-large\"><\/i><\/div><h5 class=\"grid-title-below grid-title \" style=\"color:#ffffff;\">TRANSPORTS<\/h5><div class=\"grid-desc\" style=\"color:#ffffff;\"><p>Cliquez ici pour voir les travaux termin\u00e9s.<\/p>\n<\/div><\/div><\/div><\/div><\/div><\/div>[\/vc_column][vc_column width=\u00a0\u00bb1\/4&Prime;]<style type=\"text\/css\" scoped>#feature-box-2 .grid-item .grid-box-inner .grid-icon { color:#ffffff; }\n<\/style><div class=\"zozo-feature-box feature-box-style dark-transparent-box style-overlay-box style-sep-yes \" id=\"feature-box-2\"><div class=\"grid-item\"><div class=\"grid-box-inner grid-text-center grid-box-large grid-box-icon-none grid-shape-none\"><a href=\"https:\/\/www.aicprogetti.it\/fr\/travaux\/categoria-idraulica\/\" class=\"overlay-box-link\" title=\"Hydraulique\" target=\"_self\"><\/a><div class=\"grid-overlay-top\"><div class=\"grid-overlay-info\"><div class=\"grid-icon-wrapper no-hover shape-icon-none\"><i class=\"flaticon flaticon-drop29 grid-icon zozo-icon icon-none icon-skin-light icon-bg pattern-1 icon-large\"><\/i><\/div><h5 class=\"grid-title-below grid-title \" style=\"color:#ffffff;\">HYDRAULIQUE<\/h5><\/div><\/div><div class=\"grid-overlay-bottom\"><div class=\"grid-overlay-info\"><div class=\"grid-icon-wrapper no-hover shape-icon-none\"><i class=\"flaticon flaticon-drop29 grid-icon zozo-icon icon-none icon-skin-light icon-bg pattern-1 icon-large\"><\/i><\/div><h5 class=\"grid-title-below grid-title \" style=\"color:#ffffff;\">HYDRAULIQUE<\/h5><div class=\"grid-desc\" style=\"color:#ffffff;\"><p>Cliquez ici pour voir les travaux termin\u00e9s.<\/p>\n<\/div><\/div><\/div><\/div><\/div><\/div>[\/vc_column][vc_column width=\u00a0\u00bb1\/4&Prime;]<style type=\"text\/css\" scoped>#feature-box-3 .grid-item .grid-box-inner .grid-icon { color:#ffffff; }\n<\/style><div class=\"zozo-feature-box feature-box-style dark-transparent-box style-overlay-box style-sep-yes \" id=\"feature-box-3\"><div class=\"grid-item\"><div class=\"grid-box-inner grid-text-center grid-box-large grid-box-icon-none grid-shape-none\"><a href=\"https:\/\/www.aicprogetti.it\/fr\/travaux\/categoria-architettura\/\" class=\"overlay-box-link\" title=\"Architecture\" target=\"_self\"><\/a><div class=\"grid-overlay-top\"><div class=\"grid-overlay-info\"><div class=\"grid-icon-wrapper no-hover shape-icon-none\"><i class=\"flaticon flaticon-schoolmaterial21 grid-icon zozo-icon icon-none icon-skin-light icon-bg pattern-1 icon-large\"><\/i><\/div><h5 class=\"grid-title-below grid-title \" style=\"color:#ffffff;\">ARCHITECTURE<\/h5><\/div><\/div><div class=\"grid-overlay-bottom\"><div class=\"grid-overlay-info\"><div class=\"grid-icon-wrapper no-hover shape-icon-none\"><i class=\"flaticon flaticon-schoolmaterial21 grid-icon zozo-icon icon-none icon-skin-light icon-bg pattern-1 icon-large\"><\/i><\/div><h5 class=\"grid-title-below grid-title \" style=\"color:#ffffff;\">ARCHITECTURE<\/h5><div class=\"grid-desc\" style=\"color:#ffffff;\"><p>Cliquez ici pour voir les travaux termin\u00e9s.<\/p>\n<\/div><\/div><\/div><\/div><\/div><\/div>[\/vc_column][vc_column width=\u00a0\u00bb1\/4&Prime;]<style type=\"text\/css\" scoped>#feature-box-4 .grid-item .grid-box-inner .grid-icon { color:#ffffff; }\n<\/style><div class=\"zozo-feature-box feature-box-style dark-transparent-box style-overlay-box style-sep-yes \" id=\"feature-box-4\"><div class=\"grid-item\"><div class=\"grid-box-inner grid-text-center grid-box-large grid-box-icon-none grid-shape-none\"><a href=\"https:\/\/www.aicprogetti.it\/fr\/travaux\/chemins-de-fer\/\" class=\"overlay-box-link\" title=\"Chemins de fer\" target=\"_self\"><\/a><div class=\"grid-overlay-top\"><div class=\"grid-overlay-info\"><div class=\"grid-icon-wrapper no-hover shape-icon-none\"><i class=\"flaticon flaticon-constructor5 grid-icon zozo-icon icon-none icon-skin-light icon-bg pattern-1 icon-large\"><\/i><\/div><h5 class=\"grid-title-below grid-title \" style=\"color:#ffffff;\">CHEMINS DE FER<\/h5><\/div><\/div><div class=\"grid-overlay-bottom\"><div class=\"grid-overlay-info\"><div class=\"grid-icon-wrapper no-hover shape-icon-none\"><i class=\"flaticon flaticon-constructor5 grid-icon zozo-icon icon-none icon-skin-light icon-bg pattern-1 icon-large\"><\/i><\/div><h5 class=\"grid-title-below grid-title \" style=\"color:#ffffff;\">CHEMINS DE FER<\/h5><div class=\"grid-desc\" style=\"color:#ffffff;\"><p>Cliquez ici pour voir les travaux termin\u00e9s.<\/p>\n<\/div><\/div><\/div><\/div><\/div><\/div>[\/vc_column][\/vc_row][vc_row bg_style=\u00a0\u00bbgrey-wrapper\u00a0\u00bb center_row=\u00a0\u00bbyes\u00a0\u00bb css=\u00a0\u00bb.vc_custom_1454419365533{padding-bottom: 0px !important;}\u00a0\u00bb][vc_column]<div class=\"zozo-parallax-header\"><div class=\"parallax-header content-style-inline\"><h4 class=\"parallax-title text-left\">Qui sommes nous<\/h4><div class=\"parallax-desc inline-style text-left\"><p>AIC PROGETTI S.P.A.\u00a0est une soci\u00e9t\u00e9 d\u2019ing\u00e9nierie ind\u00e9pendante qui op\u00e8re en Italie et dans le monde dans le domaine des ouvrages publics.<\/p>\n<\/div><\/div><\/div>[\/vc_column][\/vc_row][vc_row bg_style=\u00a0\u00bbgrey-wrapper\u00a0\u00bb center_row=\u00a0\u00bbyes\u00a0\u00bb css=\u00a0\u00bb.vc_custom_1552671194541{margin-top: 0px !important;margin-bottom: 0px !important;padding-top: 0px !important;padding-bottom: 50px !important;}\u00a0\u00bb][vc_column width=\u00a0\u00bb2\/3&Prime;][vc_column_text css_animation=\u00a0\u00bbnone\u00a0\u00bb]Elle a \u00e9t\u00e9 constitu\u00e9e en 1965 et est compos\u00e9e d\u2019ing\u00e9nieur, architectes, g\u00e9ologues, g\u00e9otechniciens et \u00e9conomistes des transports.Elle intervient dans le secteur des transports, de l\u2019hydraulique, des grandes structures et de l\u2019architecture \u00e0 travers des \u00e9tudes de faisabilit\u00e9 technique et \u00e9conomique, avants projets sommaires, avants projets d\u00e9taill\u00e9s et projets ex\u00e9cutifs, analyses d\u2019impact environnemental et assistance aux Administrations publiques pour la gestion, le contr\u00f4le et surveillance des travaux.[\/vc_column_text]<style type=\"text\/css\" scoped>#feature-box-5 .grid-item .grid-box-inner .grid-icon { color:#ff0000; }\n<\/style><div class=\"zozo-feature-box feature-box-style pull-left style-title-top-icon style-sep-yes \" id=\"feature-box-5\"><div class=\"grid-item\"><div class=\"grid-icon-box\"><div class=\"grid-box-inner grid-icon-box-wrapper grid-box-medium grid-box-icon-none  grid-icon-box-left\"><div class=\"grid-icon-box-title\"><div class=\"grid-icon-wrapper no-hover shape-icon-none\"><i class=\"fa fa-file-pdf-o grid-icon zozo-icon icon-none icon-skin-default icon-bg pattern-1 icon-medium\"><\/i><\/div><a href=\"https:\/\/www.aicprogetti.it\/fr\/media-fr\/\" title=\"M\u00e9dia\" target=\"_self\"><h4 class=\"grid-title text-right \" >T\u00e9l\u00e9charger la brochure<\/h4><\/a><\/div><div class=\"clearfix\"><\/div><div class=\"grid-icon-box-content\"><\/div><\/div><\/div><\/div><\/div>[\/vc_column][vc_column width=\u00a0\u00bb1\/3&Prime;][vc_single_image image=\u00a0\u00bb3841&Prime; img_size=\u00a0\u00bb370&#215;200&Prime;][\/vc_column][\/vc_row][vc_row bg_style=\u00a0\u00bbbg-normal\u00a0\u00bb typo_style=\u00a0\u00bblight\u00a0\u00bb css=\u00a0\u00bb.vc_custom_1550584112468{padding-top: 0px !important;padding-bottom: 0px !important;}\u00a0\u00bb][vc_column][vc_cta h2=\u00a0\u00bbVoulez-vous travailler avec nous?\u00a0\u00bb txt_align=\u00a0\u00bbcenter\u00a0\u00bb style=\u00a0\u00bbcustom\u00a0\u00bb add_button=\u00a0\u00bbright\u00a0\u00bb btn_title=\u00a0\u00bbEnvoyez votre candidature\u00a0\u00bb btn_style=\u00a0\u00bbtransparent\u00a0\u00bb btn_color=\u00a0\u00bbwhite\u00a0\u00bb css_animation=\u00a0\u00bbnone\u00a0\u00bb btn_link=\u00a0\u00bburl:https%3A%2F%2Fwww.aicprogetti.it%2Ffr%2Ftravailler-avec-nous%2F|title:Travailler%20avec%20nous||\u00a0\u00bb css=\u00a0\u00bb.vc_custom_1563445625766{margin-bottom: 0px !important;}\u00a0\u00bb btn_el_class=\u00a0\u00bbtestobianco\u00a0\u00bb][\/vc_cta][\/vc_column][\/vc_row]<\/p>\n<\/div>","protected":false},"excerpt":{"rendered":"<p>[vc_row bg_style=\u00a0\u00bbdark-wrapper\u00a0\u00bb center_row=\u00a0\u00bbyes\u00a0\u00bb css=\u00a0\u00bb.vc_custom_1552668737285{margin-top: -183px !important;padding-top: 0px !important;padding-bottom: 0px !important;}\u00a0\u00bb el_class=\u00a0\u00bbvc-row-default\u00a0\u00bb][vc_column width=\u00a0\u00bb1\/4&Prime;][\/vc_column][vc_column width=\u00a0\u00bb1\/4&Prime;][\/vc_column][vc_column width=\u00a0\u00bb1\/4&Prime;][\/vc_column][vc_column width=\u00a0\u00bb1\/4&Prime;][\/vc_column][\/vc_row][vc_row bg_style=\u00a0\u00bbgrey-wrapper\u00a0\u00bb center_row=\u00a0\u00bbyes\u00a0\u00bb css=\u00a0\u00bb.vc_custom_1454419365533{padding-bottom: 0px !important;}\u00a0\u00bb][vc_column][\/vc_column][\/vc_row][vc_row bg_style=\u00a0\u00bbgrey-wrapper\u00a0\u00bb center_row=\u00a0\u00bbyes\u00a0\u00bb css=\u00a0\u00bb.vc_custom_1552671194541{margin-top: 0px !important;margin-bottom: 0px !important;padding-top: 0px !important;padding-bottom: 50px&#8230;<\/p>\n","protected":false},"author":4,"featured_media":0,"parent":0,"menu_order":0,"comment_status":"closed","ping_status":"closed","template":"template-fullwidth.php","meta":{"_acf_changed":false,"rs_blank_template":"","rs_page_bg_color":"","slide_template_v7":"","footnotes":""},"class_list":["post-102","page","type-page","status-publish","hentry"],"acf":[],"_links":{"self":[{"href":"https:\/\/www.aicprogetti.it\/fr\/wp-json\/wp\/v2\/pages\/102","targetHints":{"allow":["GET"]}}],"collection":[{"href":"https:\/\/www.aicprogetti.it\/fr\/wp-json\/wp\/v2\/pages"}],"about":[{"href":"https:\/\/www.aicprogetti.it\/fr\/wp-json\/wp\/v2\/types\/page"}],"author":[{"embeddable":true,"href":"https:\/\/www.aicprogetti.it\/fr\/wp-json\/wp\/v2\/users\/4"}],"replies":[{"embeddable":true,"href":"https:\/\/www.aicprogetti.it\/fr\/wp-json\/wp\/v2\/comments?post=102"}],"version-history":[{"count":19,"href":"https:\/\/www.aicprogetti.it\/fr\/wp-json\/wp\/v2\/pages\/102\/revisions"}],"predecessor-version":[{"id":4416,"href":"https:\/\/www.aicprogetti.it\/fr\/wp-json\/wp\/v2\/pages\/102\/revisions\/4416"}],"wp:attachment":[{"href":"https:\/\/www.aicprogetti.it\/fr\/wp-json\/wp\/v2\/media?parent=102"}],"curies":[{"name":"wp","href":"https:\/\/api.w.org\/{rel}","templated":true}]}}