{"id":226,"date":"2012-10-02T12:14:13","date_gmt":"2012-10-02T10:14:13","guid":{"rendered":"https:\/\/www.aicprogetti.it\/?page_id=226"},"modified":"2022-04-11T10:32:37","modified_gmt":"2022-04-11T08:32:37","slug":"services","status":"publish","type":"page","link":"https:\/\/www.aicprogetti.it\/fr\/services\/","title":{"rendered":"Services"},"content":{"rendered":"<div class=\"wpb-content-wrapper\"><p>[vc_row bg_style=\u00a0\u00bbgrey-wrapper\u00a0\u00bb center_row=\u00a0\u00bbyes\u00a0\u00bb][vc_column]<div class=\"zozo-parallax-header\"><div class=\"parallax-header content-style-default\"><h2 class=\"parallax-title text-left\">Services<\/h2><div class=\"parallax-desc default-style text-left\" style=\"margin:0 0 0 0;\"><p align=\"left\">La Soci\u00e9t\u00e9 poss\u00e8de toutes les comp\u00e9tences n\u00e9cessaires pour r\u00e9aliser toutes les phases de projet.<\/p>\n<p align=\"left\">Elle dispose d\u2019un centre de calcul moderne et bien \u00e9quip\u00e9, d\u2019un laboratoire g\u00e9otechnique et d\u2019une \u00e9quipe constitu\u00e9e d\u2019un personnel hautement qualifi\u00e9 et sp\u00e9cialis\u00e9 poss\u00e9dant une exp\u00e9rience de nombreuses ann\u00e9es dans diff\u00e9rents secteurs, acquise au cours des quarante ann\u00e9es d\u2019activit\u00e9 effectu\u00e9es en Italie, en Afrique et en Am\u00e9rique du Sud.<\/p>\n<p align=\"left\"><a href=\"https:\/\/www.aicprogetti.it\/wp-content\/uploads\/Politica-integrata-QA.pdf\" target=\"_blank\" rel=\"noopener\">La soci\u00e9t\u00e9 op\u00e8re en r\u00e9gime de qualit\u00e9 avec un syst\u00e8me certifi\u00e9 ISO 9001:2015 et ISO 14001:2015.<\/a><\/p>\n<\/div><\/div><\/div>[\/vc_column][\/vc_row][vc_row bg_style=\u00a0\u00bbimage-right\u00a0\u00bb bg_side_image=\u00a0\u00bb4380&Prime; bg_side_size=\u00a0\u00bbcover\u00a0\u00bb][vc_column][vc_row_inner][vc_column_inner css_animation=\u00a0\u00bbnone\u00a0\u00bb]<div class=\"zozo-parallax-header\"><div class=\"parallax-header content-style-default\"><h3 class=\"parallax-title text-left\" style=\"font-size:26px;\">Transports<\/h3><div class=\"parallax-desc default-style text-left\" style=\"margin:0 0 0 0;\"><p align=\"left\">Routes, autoroutes, viabilit\u00e9 urbaine, chemin de fer.<\/p>\n<p align=\"left\">Le secteur des transports est le domaine dans lequel l\u2019activit\u00e9 de AIC Progetti s\u2019est le plus d\u00e9velopp\u00e9e au cours de ses cinquante\u00a0ann\u00e9es d\u2019histoire. Elle a ex\u00e9cut\u00e9 plus de 2000 projets pour un total de plus de 50.000 km de routes r\u00e9alis\u00e9es dans plus de 30 pays. Dans ce secteur, AIC Progetti peut exercer dans tous les domaines d\u2019intervention : depuis les lev\u00e9s a\u00e9rophotogramm\u00e9triques et bathym\u00e9triques, \u00e0 la topographie directe, \u00e0 l\u2019\u00e9tude g\u00e9ologique et g\u00e9otechnique, aux enqu\u00eates g\u00e9ognostiques et de laboratoire, \u00e0 l\u2019hydraulique, au dimensionnement structural, \u00e0 l\u2019analyse de faisabilit\u00e9 technico-\u00e9conomique, \u00e0 l\u2019assistance technique en phase ex\u00e9cutive des travaux.<\/p>\n<\/div><\/div><\/div>[\/vc_column_inner][\/vc_row_inner][\/vc_column][\/vc_row][vc_row bg_style=\u00a0\u00bbimage-left\u00a0\u00bb bg_side_image=\u00a0\u00bb4378&Prime; bg_side_size=\u00a0\u00bbcover\u00a0\u00bb][vc_column][vc_row_inner el_class=\u00a0\u00bbpadding-left-50 padding-xs-only-left-none\u00a0\u00bb][vc_column_inner css_animation=\u00a0\u00bbnone\u00a0\u00bb]<div class=\"zozo-parallax-header\"><div class=\"parallax-header content-style-default\"><h3 class=\"parallax-title text-left\" style=\"font-size:26px;\">Hydraulique<\/h3><div class=\"parallax-desc default-style text-left\" style=\"margin:0 0 0 0;\"><p align=\"left\">R\u00e9gularisation des cours d\u2019eau, am\u00e9nagement des versants et protection contre les inondations.<br \/>\nPotabilisation des eaux et traitement des eaux us\u00e9es domestiques et industrielles.<br \/>\nIrrigation, assainissements, drainages.<br \/>\nAqueducs urbains et ruraux.<br \/>\nEgouts pour eaux blanches et eaux us\u00e9es.<br \/>\nBarrages, traverses, r\u00e9servoirs.<\/p>\n<\/div><\/div><\/div>[\/vc_column_inner][\/vc_row_inner][\/vc_column][\/vc_row][vc_row bg_style=\u00a0\u00bbimage-right\u00a0\u00bb bg_side_image=\u00a0\u00bb4379&Prime;][vc_column][vc_row_inner][vc_column_inner css_animation=\u00a0\u00bbnone\u00a0\u00bb]<div class=\"zozo-parallax-header\"><div class=\"parallax-header content-style-default\"><h3 class=\"parallax-title text-left\" style=\"font-size:26px;\">Ing\u00e9nierie environnementale<\/h3><div class=\"parallax-desc default-style text-left\" style=\"margin:0 0 0 0;\"><p align=\"left\">Dans ce secteur en particulier, AIC Progetti a mis au point une m\u00e9thode appropri\u00e9e afin de r\u00e9aliser une \u00e9valuation environnementale et territoriale int\u00e9gr\u00e9e des projets.<\/p>\n<\/div><\/div><\/div>[\/vc_column_inner][\/vc_row_inner][\/vc_column][\/vc_row][vc_row bg_style=\u00a0\u00bbimage-left\u00a0\u00bb bg_side_image=\u00a0\u00bb4377&Prime;][vc_column][vc_row_inner el_class=\u00a0\u00bbpadding-left-50 padding-xs-only-left-none\u00a0\u00bb][vc_column_inner css_animation=\u00a0\u00bbnone\u00a0\u00bb]<div class=\"zozo-parallax-header\"><div class=\"parallax-header content-style-default\"><h3 class=\"parallax-title text-left\" style=\"font-size:26px;\">Architecture<\/h3><div class=\"parallax-desc default-style text-left\" style=\"margin:0 0 0 0;\"><p><span lang=\"FR\">La soci\u00e9t\u00e9 a effectu\u00e9 des travaux de r\u00e9novation de b\u00e2timents civils et d&rsquo;infrastructures urbaines et de syst\u00e8mes technologiques, principalement en Italie, en r\u00e9alisant des avant-projets sommaires et avant-projets d\u00e9taill\u00e9s de structures, d&rsquo;architecture et d&rsquo;installations, de calculs statiques, de sondages et \u00e9tudes des fondations, de techniques antisismiques ; pr\u00e9paration des d&rsquo;appel d&rsquo;offres, contr\u00f4le et supervision des travaux.<\/span><\/p>\n<\/div><\/div><\/div>[\/vc_column_inner][\/vc_row_inner][\/vc_column][\/vc_row]<\/p>\n<\/div>","protected":false},"excerpt":{"rendered":"<p>[vc_row bg_style=\u00a0\u00bbgrey-wrapper\u00a0\u00bb center_row=\u00a0\u00bbyes\u00a0\u00bb][vc_column][\/vc_column][\/vc_row][vc_row bg_style=\u00a0\u00bbimage-right\u00a0\u00bb bg_side_image=\u00a0\u00bb4380&Prime; bg_side_size=\u00a0\u00bbcover\u00a0\u00bb][vc_column][vc_row_inner][vc_column_inner css_animation=\u00a0\u00bbnone\u00a0\u00bb][\/vc_column_inner][\/vc_row_inner][\/vc_column][\/vc_row][vc_row bg_style=\u00a0\u00bbimage-left\u00a0\u00bb bg_side_image=\u00a0\u00bb4378&Prime; bg_side_size=\u00a0\u00bbcover\u00a0\u00bb][vc_column][vc_row_inner el_class=\u00a0\u00bbpadding-left-50 padding-xs-only-left-none\u00a0\u00bb][vc_column_inner css_animation=\u00a0\u00bbnone\u00a0\u00bb][\/vc_column_inner][\/vc_row_inner][\/vc_column][\/vc_row][vc_row bg_style=\u00a0\u00bbimage-right\u00a0\u00bb bg_side_image=\u00a0\u00bb4379&Prime;][vc_column][vc_row_inner][vc_column_inner css_animation=\u00a0\u00bbnone\u00a0\u00bb][\/vc_column_inner][\/vc_row_inner][\/vc_column][\/vc_row][vc_row bg_style=\u00a0\u00bbimage-left\u00a0\u00bb bg_side_image=\u00a0\u00bb4377&Prime;][vc_column][vc_row_inner el_class=\u00a0\u00bbpadding-left-50 padding-xs-only-left-none\u00a0\u00bb][vc_column_inner css_animation=\u00a0\u00bbnone\u00a0\u00bb][\/vc_column_inner][\/vc_row_inner][\/vc_column][\/vc_row]<\/p>\n","protected":false},"author":4,"featured_media":0,"parent":0,"menu_order":1,"comment_status":"closed","ping_status":"closed","template":"template-fullwidth.php","meta":{"_acf_changed":false,"rs_blank_template":"","rs_page_bg_color":"","slide_template_v7":"","footnotes":""},"class_list":["post-226","page","type-page","status-publish","hentry"],"acf":[],"_links":{"self":[{"href":"https:\/\/www.aicprogetti.it\/fr\/wp-json\/wp\/v2\/pages\/226","targetHints":{"allow":["GET"]}}],"collection":[{"href":"https:\/\/www.aicprogetti.it\/fr\/wp-json\/wp\/v2\/pages"}],"about":[{"href":"https:\/\/www.aicprogetti.it\/fr\/wp-json\/wp\/v2\/types\/page"}],"author":[{"embeddable":true,"href":"https:\/\/www.aicprogetti.it\/fr\/wp-json\/wp\/v2\/users\/4"}],"replies":[{"embeddable":true,"href":"https:\/\/www.aicprogetti.it\/fr\/wp-json\/wp\/v2\/comments?post=226"}],"version-history":[{"count":14,"href":"https:\/\/www.aicprogetti.it\/fr\/wp-json\/wp\/v2\/pages\/226\/revisions"}],"predecessor-version":[{"id":4620,"href":"https:\/\/www.aicprogetti.it\/fr\/wp-json\/wp\/v2\/pages\/226\/revisions\/4620"}],"wp:attachment":[{"href":"https:\/\/www.aicprogetti.it\/fr\/wp-json\/wp\/v2\/media?parent=226"}],"curies":[{"name":"wp","href":"https:\/\/api.w.org\/{rel}","templated":true}]}}