{"id":382,"date":"2012-09-29T23:06:10","date_gmt":"2012-09-29T21:06:10","guid":{"rendered":"https:\/\/www.aicprogetti.it\/?page_id=382"},"modified":"2019-03-20T23:05:14","modified_gmt":"2019-03-20T22:05:14","slug":"qui-sommes-nous","status":"publish","type":"page","link":"https:\/\/www.aicprogetti.it\/fr\/qui-sommes-nous\/","title":{"rendered":"Qui sommes nous"},"content":{"rendered":"<div class=\"wpb-content-wrapper\"><p>[vc_row center_row=\u00a0\u00bbyes\u00a0\u00bb css=\u00a0\u00bb.vc_custom_1552665307458{margin-top: 0px !important;padding-top: 0px !important;padding-bottom: 0px !important;}\u00a0\u00bb][vc_column][vc_row_inner][vc_column_inner width=\u00a0\u00bb2\/3&Prime;][vc_column_text]<strong>AIC PROGETTI S.P.A.<\/strong>, est une\u00a0<strong>soci\u00e9t\u00e9 d\u2019ing\u00e9nierie ind\u00e9pendante<\/strong>, qui a \u00e9t\u00e9 fond\u00e9e en 1965 par la fusion de trois cabinets de services professionnels op\u00e9rant en Italie dans les trois domaines de l\u2019ing\u00e9nierie\u00a0: architecture, transports et grandes structures, hydraulique. Dans les ann\u00e9es suivantes, cette union a \u00e9t\u00e9 renforc\u00e9e par la contribution d\u2019un grand nombre d\u2019experts qui sont des ing\u00e9nieurs, des architectes, des \u00e9conomistes et des g\u00e9ologues, italiens, fran\u00e7ais, anglais et africains, et a ouvert la voie \u00e0 des pays \u00e9trangers, en travaillant avec succ\u00e8s, pendant environ un demi-si\u00e8cle, dans le domaine de la conception et du contr\u00f4le du secteur routier et de grandes structures et de l\u2019hydraulique.<\/p>\n<p>En 1967, il a d\u00e9marr\u00e9 son entreprise \u00e0 l\u2019\u00e9tranger gr\u00e2ce \u00e0 la collaboration avec le Fonds Europ\u00e9en de D\u00e9veloppement (FED) et, par la suite, avec le Fonds de Coop\u00e9ration du Minist\u00e8re Italien des Affaires Etrang\u00e8res, avec la Banque Mondiale, la Banque Africaine de D\u00e9veloppement, la Banque Interam\u00e9ricaine de D\u00e9veloppement (BID), la Banque Islamique de D\u00e9veloppement et l\u2019IDA[\/vc_column_text][\/vc_column_inner][vc_column_inner width=\u00a0\u00bb1\/3&Prime;]<div class=\"zozo-parallax-header\"><div class=\"parallax-header content-style-default\"><h4 class=\"parallax-title text-left\" style=\"font-size:20px;\">Administration<\/h4><\/div><\/div><div class=\"zozo-features-list-wrapper vc-features-list\"><div class=\"features-list\"><div class=\"features-list-inner list-text-default\"><div class=\"features-icon\"><i class=\"simple-icon icon-user list-icon\" style=\"font-size:30px;\"><\/i><\/div><div class=\"list-desc\" style=\"margin-left:50px;\"><p align=\"left\"><strong><em>Directeur G\u00e9n\u00e9ral<br \/>\n<\/em><\/strong>M. Fabio Cesaroni<\/p>\n<\/div><\/div><\/div><\/div><div class=\"zozo-features-list-wrapper vc-features-list\"><div class=\"features-list\"><div class=\"features-list-inner list-text-default\"><div class=\"features-icon\"><i class=\"simple-icon icon-user list-icon\" style=\"font-size:30px;\"><\/i><\/div><div class=\"list-desc\" style=\"margin-left:50px;\"><p align=\"left\"><strong><em>Administrateur D\u00e9l\u00e9gu\u00e9<br \/>\n<\/em><\/strong>M. Giannandrea Cesaroni<\/p>\n<\/div><\/div><\/div><\/div><div class=\"zozo-features-list-wrapper vc-features-list\"><div class=\"features-list\"><div class=\"features-list-inner list-text-default\"><div class=\"features-icon\"><i class=\"simple-icon icon-user list-icon\" style=\"font-size:30px;\"><\/i><\/div><div class=\"list-desc\" style=\"margin-left:50px;\"><p align=\"left\"><strong><em>Directeur Technique<br \/>\n<\/em><\/strong>M. Mario Baglivo<\/p>\n<\/div><\/div><\/div><\/div><div class=\"zozo-features-list-wrapper vc-features-list\"><div class=\"features-list\"><div class=\"features-list-inner list-text-default\"><div class=\"features-icon\"><i class=\"simple-icon icon-user list-icon\" style=\"font-size:30px;\"><\/i><\/div><div class=\"list-desc\" style=\"margin-left:50px;\"><p align=\"left\"><strong><em>Directeur Administratif et Financier<br \/>\n<\/em><\/strong>M. Ferruccio Giovagnoni<\/p>\n<\/div><\/div><\/div><\/div>[\/vc_column_inner][\/vc_row_inner][vc_row_inner][vc_column_inner]<div class=\"zozo-parallax-header\"><div class=\"parallax-header content-style-default\"><h4 class=\"parallax-title text-left\" style=\"font-size:20px;\">Notre histoire<\/h4><\/div><\/div>[\/vc_column_inner][\/vc_row_inner][vc_row_inner][vc_column_inner width=\u00a0\u00bb1\/6&Prime;][vc_column_text]<strong>1965-1970<\/strong>[\/vc_column_text][\/vc_column_inner][vc_column_inner width=\u00a0\u00bb5\/6&Prime;][vc_column_text]<\/p>\n<p align=\"left\">AIC Progetti devient une soci\u00e9t\u00e9 anonyme et intervient par le biais de l\u2019ouvrage d\u2019ing\u00e9nieurs, ses actionnaires, dans le secteur routier en Italie avec d\u2019importants projets financ\u00e9s par la Cassa per Il Mezzogiorno d\u2019Italia et par l\u2019Azienda Nazionale per le Strade (ANAS).<br \/>\nEn 1967 AIC Progetti voit d\u00e9buter son activit\u00e9 sur le march\u00e9 international avec le projet de la route Niamey-Zinder au Niger financ\u00e9 par le Fonds de D\u00e9veloppement Europ\u00e9en (FED).<\/p>\n<p>[\/vc_column_text][vc_separator css=\u00a0\u00bb.vc_custom_1551528657922{margin-bottom: 20px !important;}\u00a0\u00bb][\/vc_column_inner][\/vc_row_inner][vc_row_inner css=\u00a0\u00bb.vc_custom_1552665208078{margin-top: 20px !important;}\u00a0\u00bb][vc_column_inner width=\u00a0\u00bb1\/6&Prime;][vc_column_text]<strong>1970-1980<\/strong>[\/vc_column_text][\/vc_column_inner][vc_column_inner width=\u00a0\u00bb5\/6&Prime;][vc_column_text]<\/p>\n<p align=\"left\">AIC Progetti continue son activit\u00e9 en Italie et \u00e0 l\u2019Etranger et \u00e9largit ses domaines de comp\u00e9tence au secteur hydraulique en collaborant avec les organismes internationaux d\u2019aide aux pays en voie de d\u00e9veloppement.<br \/>\nElle participe \u00e0 d\u2019importantes interventions en Afrique financ\u00e9es par le Fonds d\u2019Aides Italien (FAI) g\u00e9r\u00e9 par le Minist\u00e8re des Affaires Etrang\u00e8res Italien.<\/p>\n<p>[\/vc_column_text][vc_separator css=\u00a0\u00bb.vc_custom_1551528657922{margin-bottom: 20px !important;}\u00a0\u00bb][\/vc_column_inner][\/vc_row_inner][vc_row_inner css=\u00a0\u00bb.vc_custom_1552665200195{margin-top: 20px !important;}\u00a0\u00bb][vc_column_inner width=\u00a0\u00bb1\/6&Prime;][vc_column_text]<strong>1990-2000<\/strong>[\/vc_column_text][\/vc_column_inner][vc_column_inner width=\u00a0\u00bb5\/6&Prime;][vc_column_text]<\/p>\n<p align=\"left\">L\u2019activit\u00e9 de AIC Progetti s\u2019\u00e9tend au continent am\u00e9ricain en participant \u00e0 des projets et des contr\u00f4les et surveillances des travaux dans le secteur des transports et dans celui de l\u2019hydraulique en Bolivie, P\u00e9rou, Salvador et encore, Suriname, sur financement du Fonds de D\u00e9veloppement Europ\u00e9en, Banque Mondiale et Banque de D\u00e9veloppement Interam\u00e9ricain.<\/p>\n<p>[\/vc_column_text][vc_separator css=\u00a0\u00bb.vc_custom_1551528672295{margin-bottom: 20px !important;}\u00a0\u00bb][\/vc_column_inner][\/vc_row_inner][vc_row_inner css=\u00a0\u00bb.vc_custom_1552665276382{margin-top: 20px !important;margin-bottom: 50px !important;}\u00a0\u00bb][vc_column_inner width=\u00a0\u00bb1\/6&Prime;][vc_column_text]<strong>2000-\u00e0 aujourd\u2019hui<\/strong>[\/vc_column_text][\/vc_column_inner][vc_column_inner width=\u00a0\u00bb5\/6&Prime;][vc_column_text]<\/p>\n<p align=\"left\">L\u2019activit\u00e9 de AIC Progetti \u00e0 l\u2019\u00e9tranger et en particulier en Afrique devient se d\u00e9veloppe toujours plus \u00e9galement \u00e0 travers la participation au contr\u00f4les et surveillances de nombreuses r\u00e9alisations routi\u00e8res.<\/p>\n<p>[\/vc_column_text][\/vc_column_inner][\/vc_row_inner][\/vc_column][\/vc_row]<\/p>\n<\/div>","protected":false},"excerpt":{"rendered":"<p>[vc_row center_row=\u00a0\u00bbyes\u00a0\u00bb css=\u00a0\u00bb.vc_custom_1552665307458{margin-top: 0px !important;padding-top: 0px !important;padding-bottom: 0px !important;}\u00a0\u00bb][vc_column][vc_row_inner][vc_column_inner width=\u00a0\u00bb2\/3&Prime;][vc_column_text]AIC PROGETTI S.P.A., est une\u00a0soci\u00e9t\u00e9 d\u2019ing\u00e9nierie ind\u00e9pendante, qui a \u00e9t\u00e9 fond\u00e9e en 1965 par la fusion de trois cabinets de services&#8230;<\/p>\n","protected":false},"author":4,"featured_media":0,"parent":0,"menu_order":0,"comment_status":"closed","ping_status":"closed","template":"","meta":{"_acf_changed":false,"rs_blank_template":"","rs_page_bg_color":"","slide_template_v7":"","footnotes":""},"class_list":["post-382","page","type-page","status-publish","hentry"],"acf":[],"_links":{"self":[{"href":"https:\/\/www.aicprogetti.it\/fr\/wp-json\/wp\/v2\/pages\/382","targetHints":{"allow":["GET"]}}],"collection":[{"href":"https:\/\/www.aicprogetti.it\/fr\/wp-json\/wp\/v2\/pages"}],"about":[{"href":"https:\/\/www.aicprogetti.it\/fr\/wp-json\/wp\/v2\/types\/page"}],"author":[{"embeddable":true,"href":"https:\/\/www.aicprogetti.it\/fr\/wp-json\/wp\/v2\/users\/4"}],"replies":[{"embeddable":true,"href":"https:\/\/www.aicprogetti.it\/fr\/wp-json\/wp\/v2\/comments?post=382"}],"version-history":[{"count":9,"href":"https:\/\/www.aicprogetti.it\/fr\/wp-json\/wp\/v2\/pages\/382\/revisions"}],"predecessor-version":[{"id":3882,"href":"https:\/\/www.aicprogetti.it\/fr\/wp-json\/wp\/v2\/pages\/382\/revisions\/3882"}],"wp:attachment":[{"href":"https:\/\/www.aicprogetti.it\/fr\/wp-json\/wp\/v2\/media?parent=382"}],"curies":[{"name":"wp","href":"https:\/\/api.w.org\/{rel}","templated":true}]}}